{"id":455,"date":"2025-09-02T12:38:41","date_gmt":"2025-09-02T10:38:41","guid":{"rendered":"https:\/\/ahadesign.cz\/ahadesignklub\/?page_id=455"},"modified":"2026-02-14T13:37:13","modified_gmt":"2026-02-14T11:37:13","slug":"duo-adlero","status":"publish","type":"page","link":"https:\/\/ahadesign.cz\/ahadesignklub\/duo-adlero\/","title":{"rendered":"Duo Adlero"},"content":{"rendered":"\t\t<div data-elementor-type=\"wp-page\" data-elementor-id=\"455\" class=\"elementor elementor-455\">\n\t\t\t\t<div class=\"elementor-element elementor-element-2d240ff e-flex e-con-boxed e-con e-parent\" data-id=\"2d240ff\" data-element_type=\"container\" data-e-type=\"container\">\n\t\t\t\t\t<div class=\"e-con-inner\">\n\t\t<div class=\"elementor-element elementor-element-c2734af e-con-full e-flex e-con e-child\" data-id=\"c2734af\" data-element_type=\"container\" data-e-type=\"container\">\n\t\t\t\t<div class=\"elementor-element elementor-element-277692d elementor-widget elementor-widget-image\" data-id=\"277692d\" data-element_type=\"widget\" data-e-type=\"widget\" data-widget_type=\"image.default\">\n\t\t\t\t\t\t\t\t\t\t\t\t\t\t\t<img fetchpriority=\"high\" decoding=\"async\" width=\"1024\" height=\"768\" src=\"https:\/\/ahadesign.cz\/ahadesignklub\/wp-content\/uploads\/2025\/10\/Hanka-a-Nikita-Adlero2-png-1024x768.png\" class=\"attachment-large size-large wp-image-972\" alt=\"\" srcset=\"https:\/\/ahadesign.cz\/ahadesignklub\/wp-content\/uploads\/2025\/10\/Hanka-a-Nikita-Adlero2-png-1024x768.png 1024w, https:\/\/ahadesign.cz\/ahadesignklub\/wp-content\/uploads\/2025\/10\/Hanka-a-Nikita-Adlero2-png-300x225.png 300w, https:\/\/ahadesign.cz\/ahadesignklub\/wp-content\/uploads\/2025\/10\/Hanka-a-Nikita-Adlero2-png-768x576.png 768w, https:\/\/ahadesign.cz\/ahadesignklub\/wp-content\/uploads\/2025\/10\/Hanka-a-Nikita-Adlero2-png-1536x1152.png 1536w, https:\/\/ahadesign.cz\/ahadesignklub\/wp-content\/uploads\/2025\/10\/Hanka-a-Nikita-Adlero2-png.png 1600w\" sizes=\"(max-width: 1024px) 100vw, 1024px\" \/>\t\t\t\t\t\t\t\t\t\t\t\t\t\t\t<\/div>\n\t\t\t\t<\/div>\n\t\t<div class=\"elementor-element elementor-element-04eab9d e-con-full e-flex e-con e-child\" data-id=\"04eab9d\" data-element_type=\"container\" data-e-type=\"container\">\n\t\t\t\t<div class=\"elementor-element elementor-element-3d214bf elementor-widget elementor-widget-text-editor\" data-id=\"3d214bf\" data-element_type=\"widget\" data-e-type=\"widget\" data-widget_type=\"text-editor.default\">\n\t\t\t\t\t\t\t\t\t<p>Jsme Hanka a Nikita aneb kreativn\u00ed duo. Adlero n\u00e1m ob\u011bma otev\u00edr\u00e1 zcela nov\u00e9 obzory, kde jde individualismus stranou. Jemnost \u017eensk\u00e9 du\u0161e se zde snoub\u00ed s mnohem drsn\u011bj\u0161\u00ed str\u00e1nkou mu\u017esk\u00e9 osobnosti, a mo\u017en\u00e1 d\u00edky tomu tvo\u0159\u00edme sehran\u00fd duet. Ka\u017ed\u00fd jsme jin\u00fd, p\u0159esto n\u00e1s spojuj\u00ed hr\u00e1tky s fantazi\u00ed. Hanul p\u0159in\u00e1\u0161\u00ed \u00fatr\u017eky p\u0159\u00edb\u011bh\u016f zasazen\u00e9 do vize, Nikita zase kus odli\u0161n\u00e9ho n\u00e1hledu na sv\u011bt a muzikantskou du\u0161i. Adlero je v\u0161ak spole\u010dn\u00fd prostor, kde se potk\u00e1vaj\u00ed kreativn\u00ed n\u00e1pady. Jde hlavn\u011b o radosti z tvorby a vytvo\u0159en\u00ed komunity lid\u00ed, kte\u0159\u00ed se neboj\u00ed popustit uzdu vlastn\u00ed fantazii.<\/p>\t\t\t\t\t\t\t\t<\/div>\n\t\t\t\t<\/div>\n\t\t\t\t\t<\/div>\n\t\t\t\t<\/div>\n\t\t<div class=\"elementor-element elementor-element-67897a1 e-flex e-con-boxed e-con e-parent\" data-id=\"67897a1\" data-element_type=\"container\" data-e-type=\"container\">\n\t\t\t\t\t<div class=\"e-con-inner\">\n\t\t<div class=\"elementor-element elementor-element-bed7cb4 e-con-full e-flex e-con e-child\" data-id=\"bed7cb4\" data-element_type=\"container\" data-e-type=\"container\">\n\t\t\t\t<div class=\"elementor-element elementor-element-3e31975 elementor-widget elementor-widget-image\" data-id=\"3e31975\" data-element_type=\"widget\" data-e-type=\"widget\" data-widget_type=\"image.default\">\n\t\t\t\t\t\t\t\t\t\t\t\t\t\t\t<img decoding=\"async\" width=\"350\" height=\"350\" src=\"https:\/\/ahadesign.cz\/ahadesignklub\/wp-content\/uploads\/2025\/09\/Hanka3-350.jpg\" class=\"attachment-large size-large wp-image-516\" alt=\"\" srcset=\"https:\/\/ahadesign.cz\/ahadesignklub\/wp-content\/uploads\/2025\/09\/Hanka3-350.jpg 350w, https:\/\/ahadesign.cz\/ahadesignklub\/wp-content\/uploads\/2025\/09\/Hanka3-350-300x300.jpg 300w, https:\/\/ahadesign.cz\/ahadesignklub\/wp-content\/uploads\/2025\/09\/Hanka3-350-150x150.jpg 150w\" sizes=\"(max-width: 350px) 100vw, 350px\" \/>\t\t\t\t\t\t\t\t\t\t\t\t\t\t\t<\/div>\n\t\t\t\t<\/div>\n\t\t<div class=\"elementor-element elementor-element-49df852 e-con-full e-flex e-con e-child\" data-id=\"49df852\" data-element_type=\"container\" data-e-type=\"container\">\n\t\t\t\t<div class=\"elementor-element elementor-element-3298c31 elementor-widget elementor-widget-text-editor\" data-id=\"3298c31\" data-element_type=\"widget\" data-e-type=\"widget\" data-widget_type=\"text-editor.default\">\n\t\t\t\t\t\t\t\t\t<p><em><strong>Jsem Hanul<\/strong> <\/em>\u2013 kreativn\u00ed du\u0161e, kter\u00e1 miluje vlastn\u00ed, ob\u010das trochu bl\u00e1zniv\u00fd sv\u011bt. Na AHADesignu najdete moje grafick\u00e9 prvky, ale v klubu v\u00e1m r\u00e1da uk\u00e1\u017eu i jin\u00e9 str\u00e1nky moj\u00ed tvo\u0159iv\u00e9 du\u0161i\u010dky. P\u00ed\u0161u p\u0159\u00edb\u011bhy, hraju si se slovy stejn\u011b jako s barvami a ob\u010das se nech\u00e1m zcela pohltit vlastn\u00ed fantazi\u00ed.<br data-start=\"616\" data-end=\"619\" \/>Tvorba je pro m\u011b radost i ventil, p\u0159i\u010dem\u017e v\u011b\u0159\u00edm, \u017ee kreativita je naka\u017eliv\u00e1, proto ji r\u00e1da \u0161\u00ed\u0159\u00edm d\u00e1l.<\/p>\t\t\t\t\t\t\t\t<\/div>\n\t\t\t\t<\/div>\n\t\t\t\t\t<\/div>\n\t\t\t\t<\/div>\n\t\t<div class=\"elementor-element elementor-element-c279c5a e-flex e-con-boxed e-con e-parent\" data-id=\"c279c5a\" data-element_type=\"container\" data-e-type=\"container\">\n\t\t\t\t\t<div class=\"e-con-inner\">\n\t\t<div class=\"elementor-element elementor-element-a26ea72 e-con-full e-flex e-con e-child\" data-id=\"a26ea72\" data-element_type=\"container\" data-e-type=\"container\">\n\t\t\t\t<div class=\"elementor-element elementor-element-f88e9fd elementor-widget elementor-widget-text-editor\" data-id=\"f88e9fd\" data-element_type=\"widget\" data-e-type=\"widget\" data-widget_type=\"text-editor.default\">\n\t\t\t\t\t\t\t\t\t<p><em><strong>Jsem Nikita<\/strong> <\/em>\u2013 admin v z\u00e1kulis\u00ed AHADesignu, ale z\u00e1rove\u0148 v\u00e1\u0161niv\u00fd kytarista, co miluje hudbu s atmosf\u00e9rou. Na webu dohl\u00ed\u017e\u00edm na to, aby v\u0161echno \u0161lapalo, v AHADesign klubu v\u00e1m uk\u00e1\u017eu i mal\u00fd kousek ze sebe. Bav\u00ed m\u011b ladit n\u00e1lady, ob\u010das za pomoci hudebn\u00edch n\u00e1stroj\u016f, jindy zase netradi\u010dn\u00edm vizu\u00e1lem ukryt\u00fdm v m\u00e9 mysli. Nejsem grafik, ale o to v\u00edc m\u011b bav\u00ed objevovat r\u016fznorod\u00e9 kreace z pohledu oby\u010dejn\u00e9ho \u010dlov\u011bka.<\/p>\t\t\t\t\t\t\t\t<\/div>\n\t\t\t\t<\/div>\n\t\t<div class=\"elementor-element elementor-element-24f3fdd e-con-full e-flex e-con e-child\" data-id=\"24f3fdd\" data-element_type=\"container\" data-e-type=\"container\">\n\t\t\t\t<div class=\"elementor-element elementor-element-68b2e61 elementor-widget elementor-widget-image\" data-id=\"68b2e61\" data-element_type=\"widget\" data-e-type=\"widget\" data-widget_type=\"image.default\">\n\t\t\t\t\t\t\t\t\t\t\t\t\t\t\t<img decoding=\"async\" width=\"350\" height=\"350\" src=\"https:\/\/ahadesign.cz\/ahadesignklub\/wp-content\/uploads\/2025\/09\/Nikita2-350.jpg\" class=\"attachment-large size-large wp-image-518\" alt=\"\" srcset=\"https:\/\/ahadesign.cz\/ahadesignklub\/wp-content\/uploads\/2025\/09\/Nikita2-350.jpg 350w, https:\/\/ahadesign.cz\/ahadesignklub\/wp-content\/uploads\/2025\/09\/Nikita2-350-300x300.jpg 300w, https:\/\/ahadesign.cz\/ahadesignklub\/wp-content\/uploads\/2025\/09\/Nikita2-350-150x150.jpg 150w\" sizes=\"(max-width: 350px) 100vw, 350px\" \/>\t\t\t\t\t\t\t\t\t\t\t\t\t\t\t<\/div>\n\t\t\t\t<\/div>\n\t\t\t\t\t<\/div>\n\t\t\t\t<\/div>\n\t\t\t\t<\/div>\n\t\t","protected":false},"excerpt":{"rendered":"<p>Jsme Hanka a Nikita aneb kreativn\u00ed duo. Adlero n\u00e1m ob\u011bma otev\u00edr\u00e1 zcela nov\u00e9 obzory, kde jde individualismus stranou. Jemnost \u017eensk\u00e9 du\u0161e se zde snoub\u00ed s mnohem drsn\u011bj\u0161\u00ed str\u00e1nkou mu\u017esk\u00e9 osobnosti, a mo\u017en\u00e1 d\u00edky tomu tvo\u0159\u00edme sehran\u00fd duet. Ka\u017ed\u00fd jsme jin\u00fd, p\u0159esto n\u00e1s spojuj\u00ed hr\u00e1tky s fantazi\u00ed. Hanul p\u0159in\u00e1\u0161\u00ed \u00fatr\u017eky p\u0159\u00edb\u011bh\u016f zasazen\u00e9 do vize, Nikita zase [&hellip;]<\/p>\n","protected":false},"author":1,"featured_media":0,"parent":0,"menu_order":0,"comment_status":"closed","ping_status":"closed","template":"","meta":{"footnotes":""},"class_list":["post-455","page","type-page","status-publish","hentry"],"_links":{"self":[{"href":"https:\/\/ahadesign.cz\/ahadesignklub\/wp-json\/wp\/v2\/pages\/455","targetHints":{"allow":["GET"]}}],"collection":[{"href":"https:\/\/ahadesign.cz\/ahadesignklub\/wp-json\/wp\/v2\/pages"}],"about":[{"href":"https:\/\/ahadesign.cz\/ahadesignklub\/wp-json\/wp\/v2\/types\/page"}],"author":[{"embeddable":true,"href":"https:\/\/ahadesign.cz\/ahadesignklub\/wp-json\/wp\/v2\/users\/1"}],"replies":[{"embeddable":true,"href":"https:\/\/ahadesign.cz\/ahadesignklub\/wp-json\/wp\/v2\/comments?post=455"}],"version-history":[{"count":85,"href":"https:\/\/ahadesign.cz\/ahadesignklub\/wp-json\/wp\/v2\/pages\/455\/revisions"}],"predecessor-version":[{"id":1209,"href":"https:\/\/ahadesign.cz\/ahadesignklub\/wp-json\/wp\/v2\/pages\/455\/revisions\/1209"}],"wp:attachment":[{"href":"https:\/\/ahadesign.cz\/ahadesignklub\/wp-json\/wp\/v2\/media?parent=455"}],"curies":[{"name":"wp","href":"https:\/\/api.w.org\/{rel}","templated":true}]}}