{"id":247,"date":"2025-07-31T15:42:21","date_gmt":"2025-07-31T13:42:21","guid":{"rendered":"https:\/\/ahadesign.cz\/ahadesignklub\/?page_id=247"},"modified":"2026-02-16T06:56:50","modified_gmt":"2026-02-16T04:56:50","slug":"tvorime-spolu","status":"publish","type":"page","link":"https:\/\/ahadesign.cz\/ahadesignklub\/tvorime-spolu\/","title":{"rendered":"Tvo\u0159\u00edme spolu"},"content":{"rendered":"\t\t<div data-elementor-type=\"wp-page\" data-elementor-id=\"247\" class=\"elementor elementor-247\">\n\t\t\t\t<div class=\"elementor-element elementor-element-b44e194 e-flex e-con-boxed e-con e-parent\" data-id=\"b44e194\" data-element_type=\"container\" data-e-type=\"container\">\n\t\t\t\t\t<div class=\"e-con-inner\">\n\t\t<div class=\"elementor-element elementor-element-3753b70 e-con-full e-flex e-con e-child\" data-id=\"3753b70\" data-element_type=\"container\" data-e-type=\"container\">\n\t\t\t\t<div class=\"elementor-element elementor-element-4e7f6e6 elementor-widget elementor-widget-text-editor\" data-id=\"4e7f6e6\" data-element_type=\"widget\" data-e-type=\"widget\" data-widget_type=\"text-editor.default\">\n\t\t\t\t\t\t\t\t\t<p>Zde je prostor pro v\u0161echny \u010dleny AHADesign Klubu, a\u0165 u\u017e tvo\u0159\u00edte pro radost, pro sebe, kamar\u00e1dy, nebo svoje v\u00fdtvory prod\u00e1v\u00e1te.<\/p><p>Nez\u00e1le\u017e\u00ed na tom, jestli jste \u201eprofi tv\u016frce\u201c nebo nad\u0161enec, co se teprve rozkouk\u00e1v\u00e1. D\u016fle\u017eit\u00e9 je, \u017ee v\u00e1s bav\u00ed tvo\u0159it a chcete se o to pod\u011blit s ostatn\u00edmi.<\/p><p>\u00a0<\/p><h3>Co sem m\u016f\u017eete p\u0159idat?<\/h3><ul><li><p>N\u00e1hled sv\u00e9 grafiky (\u0161ablona, plak\u00e1t, logo, ob\u00e1lka, cokoli jin\u00e9ho).<\/p><\/li><li><p>Kr\u00e1tk\u00fd popisek tvorby<\/p><\/li><li><p>Tak\u00e9 m\u00e1te mo\u017enost p\u0159idat odkaz na sv\u016fj web, obchod nebo profil (nen\u00ed to povinn\u00e9, ale pro\u010d si neud\u011blat men\u0161\u00ed reklamu, \u017ee jo?)<\/p><\/li><\/ul><p>Galerie nen\u00ed m\u00edsto pro sout\u011b\u017een\u00ed. Nekritizujeme, neh\u00e1d\u00e1me se, pouze sd\u00edl\u00edme, inspirujeme a obdivujeme tu r\u016fznorodost, kterou grafika umo\u017e\u0148uje.<\/p><p>Tak uka\u017ete, co m\u00e1te vytvo\u0159eno! A\u0165 vid\u00edme, \u017ee tvo\u0159\u00edme <strong>spolu!<\/strong><\/p>\t\t\t\t\t\t\t\t<\/div>\n\t\t\t\t<\/div>\n\t\t<div class=\"elementor-element elementor-element-33e45b6 e-con-full e-flex e-con e-child\" data-id=\"33e45b6\" data-element_type=\"container\" data-e-type=\"container\">\n\t\t\t\t<div class=\"elementor-element elementor-element-5a58cad elementor-align-justify elementor-widget elementor-widget-button\" data-id=\"5a58cad\" data-element_type=\"widget\" data-e-type=\"widget\" data-widget_type=\"button.default\">\n\t\t\t\t\t\t\t\t\t\t<a class=\"elementor-button elementor-button-link elementor-size-sm\" href=\"https:\/\/ahadesign.cz\/ahadesignklub\/pridat-grafiku\/\">\n\t\t\t\t\t\t<span class=\"elementor-button-content-wrapper\">\n\t\t\t\t\t\t\t\t\t<span class=\"elementor-button-text\">P\u0159idat grafiku<\/span>\n\t\t\t\t\t<\/span>\n\t\t\t\t\t<\/a>\n\t\t\t\t\t\t\t\t<\/div>\n\t\t\t\t<div class=\"elementor-element elementor-element-8f3203b elementor-widget elementor-widget-text-editor\" data-id=\"8f3203b\" data-element_type=\"widget\" data-e-type=\"widget\" data-widget_type=\"text-editor.default\">\n\t\t\t\t\t\t\t\t\t<p>Po\u010det p\u0159\u00edsp\u011bvk\u016f nen\u00ed omezen, ale po\u010d\u00edtejte s t\u00edm, \u017ee je mohu \u010dasem promazat.<\/p>\t\t\t\t\t\t\t\t<\/div>\n\t\t\t\t<\/div>\n\t\t\t\t\t<\/div>\n\t\t\t\t<\/div>\n\t\t\t\t<\/div>\n\t\t","protected":false},"excerpt":{"rendered":"<p>Zde je prostor pro v\u0161echny \u010dleny AHADesign Klubu, a\u0165 u\u017e tvo\u0159\u00edte pro radost, pro sebe, kamar\u00e1dy, nebo svoje v\u00fdtvory prod\u00e1v\u00e1te. Nez\u00e1le\u017e\u00ed na tom, jestli jste \u201eprofi tv\u016frce\u201c nebo nad\u0161enec, co se teprve rozkouk\u00e1v\u00e1. D\u016fle\u017eit\u00e9 je, \u017ee v\u00e1s bav\u00ed tvo\u0159it a chcete se o to pod\u011blit s ostatn\u00edmi. \u00a0 Co sem m\u016f\u017eete p\u0159idat? N\u00e1hled sv\u00e9 grafiky [&hellip;]<\/p>\n","protected":false},"author":1,"featured_media":0,"parent":0,"menu_order":0,"comment_status":"closed","ping_status":"closed","template":"","meta":{"footnotes":""},"class_list":["post-247","page","type-page","status-publish","hentry"],"_links":{"self":[{"href":"https:\/\/ahadesign.cz\/ahadesignklub\/wp-json\/wp\/v2\/pages\/247","targetHints":{"allow":["GET"]}}],"collection":[{"href":"https:\/\/ahadesign.cz\/ahadesignklub\/wp-json\/wp\/v2\/pages"}],"about":[{"href":"https:\/\/ahadesign.cz\/ahadesignklub\/wp-json\/wp\/v2\/types\/page"}],"author":[{"embeddable":true,"href":"https:\/\/ahadesign.cz\/ahadesignklub\/wp-json\/wp\/v2\/users\/1"}],"replies":[{"embeddable":true,"href":"https:\/\/ahadesign.cz\/ahadesignklub\/wp-json\/wp\/v2\/comments?post=247"}],"version-history":[{"count":52,"href":"https:\/\/ahadesign.cz\/ahadesignklub\/wp-json\/wp\/v2\/pages\/247\/revisions"}],"predecessor-version":[{"id":1225,"href":"https:\/\/ahadesign.cz\/ahadesignklub\/wp-json\/wp\/v2\/pages\/247\/revisions\/1225"}],"wp:attachment":[{"href":"https:\/\/ahadesign.cz\/ahadesignklub\/wp-json\/wp\/v2\/media?parent=247"}],"curies":[{"name":"wp","href":"https:\/\/api.w.org\/{rel}","templated":true}]}}