{"id":17,"date":"2025-07-17T16:55:06","date_gmt":"2025-07-17T14:55:06","guid":{"rendered":"https:\/\/ahadesign.cz\/ahadesignklub\/?page_id=17"},"modified":"2025-07-30T17:58:13","modified_gmt":"2025-07-30T15:58:13","slug":"uvod","status":"publish","type":"page","link":"https:\/\/ahadesign.cz\/ahadesignklub\/uvod\/","title":{"rendered":"\u00davod"},"content":{"rendered":"\t\t<div data-elementor-type=\"wp-page\" data-elementor-id=\"17\" class=\"elementor elementor-17\">\n\t\t\t\t<div class=\"elementor-element elementor-element-e85f0ae e-flex e-con-boxed e-con e-parent\" data-id=\"e85f0ae\" data-element_type=\"container\" data-e-type=\"container\">\n\t\t\t\t\t<div class=\"e-con-inner\">\n\t\t\t\t<div class=\"elementor-element elementor-element-c7edb03 elementor-widget elementor-widget-frel-posts\" data-id=\"c7edb03\" data-element_type=\"widget\" data-e-type=\"widget\" data-widget_type=\"frel-posts.default\">\n\t\t\t\t<div class=\"elementor-widget-container\">\n\t\t\t\t\t<div class=\"fn__w_posts\" data-hlight-color=\"\" data-readmore-color=\"default\"><div class=\"fn__widget_posts_sticky_date_wrapper\"><div class=\"fn__widget_posts_sticky_date\" data-spacing=\"\" data-color=\"\" data-title-size=\"m\" data-align=\"left\"><div class=\"fn__widget_filters\"><a href=\"#\" class=\"active\" data-class=\"first_item\">Popul\u00e1rn\u00ed<\/a><a href=\"#\" data-class=\"second_item\">Posledn\u00ed<\/a><\/div><div class=\"fn__widget_filter_content\"><ul class=\"first_item sticky_date_items active\"><li class=\"sticky_date_item\"><div class=\"sticky_date__item\"><div class=\"sticky_date___item\"><div class=\"left_holder\"><div class=\"date_holder\"><div class=\"date_in\"><span class=\"day\">07<\/span><span class=\"date\">\u00dano - 2026<\/span><\/div><\/div><\/div><div class=\"right_holder\"><div class=\"fn__meta\"><p><span class=\"meta_item meta_author\"><a href=\"https:\/\/ahadesign.cz\/ahadesignklub\/author\/ahadesign751\/\" aria-label=\"See all posts by this author\"><img decoding=\"async\" alt=\"\" src=\"https:\/\/ahadesign.cz\/ahadesignklub\/wp-content\/uploads\/2025\/09\/Hanka-FV1-550.jpg\" class=\"avatar avatar-30 photo\" height=\"30\" width=\"30\"><span class=\"text\">Hana Majerov\u00e1<\/span><\/a><span class=\"meta_sep\"><\/span><\/span><a class=\" fn_last_category\" href=\" https:\/\/ahadesign.cz\/ahadesignklub\/category\/grafika\/\">Grafika<\/a><span class=\"meta_sep\"><\/span><span class=\"meta_item meta_date\" title=\"7 \u00fanora, 2026\">P\u0159ed 3 m\u011bs\u00edci<span class=\"meta_sep\"><\/span><\/span><\/p><\/div><h3 class=\"post_title\"><a href=\"https:\/\/ahadesign.cz\/ahadesignklub\/jak-sablonou-nepohrbit-vlastni-styl\/\" aria-label=\"Jak \u0161ablonou nepoh\u0159b\u00edt vlastn\u00ed styl\">Jak \u0161ablonou nepoh\u0159b\u00edt vlastn\u00ed styl<\/a><\/h3><div class=\"img_holder\"><div class=\"item_space\"><a href=\"https:\/\/ahadesign.cz\/ahadesignklub\/jak-sablonou-nepohrbit-vlastni-styl\/\" aria-label=\"Jak \u0161ablonou nepoh\u0159b\u00edt vlastn\u00ed styl\"><\/a><\/div><\/div><p class=\"fn__descr\">\u0160ablony: pomocn\u00edk, nebo past? \u0160ablony v Canv\u011b jsou \u00fa\u017easn\u00e1 v\u011bc, pokud v\u00edte, co d\u011bl\u00e1te. Ale taky zr\u00e1dn\u00e1 past, kdy\u017e kliknete na prvn\u00ed \u201ehezk\u00fd obr\u00e1zek\u201c bez rozmyslu. Pro\u010d d\u00e1t pozor na<\/p><div class=\"fn__read_more\"><a href=\"https:\/\/ahadesign.cz\/ahadesignklub\/jak-sablonou-nepohrbit-vlastni-styl\/\" aria-label=\"Jak \u0161ablonou nepoh\u0159b\u00edt vlastn\u00ed styl\"><span class=\"text\" aria-label=\"P\u0159e\u010d\u00edst\" data-text=\"P\u0159e\u010d\u00edst\">P\u0159e\u010d\u00edst<\/span><span class=\"icon\"><i class=\"fn__isvg fn__isvg-svg__arrow_3 \"><\/i><\/span><\/a><\/div><\/div><\/div><\/div><\/li><li class=\"sticky_date_item\"><div class=\"sticky_date__item\"><div class=\"sticky_date___item\"><div class=\"left_holder\"><div class=\"date_holder\"><div class=\"date_in\"><span class=\"day\">25<\/span><span class=\"date\">Led - 2026<\/span><\/div><\/div><\/div><div class=\"right_holder\"><div class=\"fn__meta\"><p><span class=\"meta_item meta_author\"><a href=\"https:\/\/ahadesign.cz\/ahadesignklub\/author\/ahadesign751\/\" aria-label=\"See all posts by this author\"><img decoding=\"async\" alt=\"\" src=\"https:\/\/ahadesign.cz\/ahadesignklub\/wp-content\/uploads\/2025\/09\/Hanka-FV1-550.jpg\" class=\"avatar avatar-30 photo\" height=\"30\" width=\"30\"><span class=\"text\">Hana Majerov\u00e1<\/span><\/a><span class=\"meta_sep\"><\/span><\/span><a class=\" fn_last_category\" href=\" https:\/\/ahadesign.cz\/ahadesignklub\/category\/canva\/\">Canva<\/a><span class=\"meta_sep\"><\/span><span class=\"meta_item meta_date\" title=\"25 ledna, 2026\">P\u0159ed 3 m\u011bs\u00edci<span class=\"meta_sep\"><\/span><\/span><\/p><\/div><h3 class=\"post_title\"><a href=\"https:\/\/ahadesign.cz\/ahadesignklub\/proc-nejet-pouze-na-sablonach-canva-neni-jen-omalovanka\/\" aria-label=\"Pro\u010d (ne)jet pouze na \u0161ablon\u00e1ch: Canva nen\u00ed jen omalov\u00e1nka\">Pro\u010d (ne)jet pouze na \u0161ablon\u00e1ch: Canva nen\u00ed jen omalov\u00e1nka<\/a><\/h3><div class=\"img_holder\"><div class=\"item_space\"><a href=\"https:\/\/ahadesign.cz\/ahadesignklub\/proc-nejet-pouze-na-sablonach-canva-neni-jen-omalovanka\/\" aria-label=\"Pro\u010d (ne)jet pouze na \u0161ablon\u00e1ch: Canva nen\u00ed jen omalov\u00e1nka\"><\/a><\/div><\/div><p class=\"fn__descr\">\u0160ablony jsou fajn. U\u0161et\u0159\u00ed \u010das, ale\u2026 pokud je pou\u017e\u00edv\u00e1te po\u0159\u00e1d, jednoho dne zjist\u00edte, \u017ee v\u00e1\u0161 post vypad\u00e1 jako tis\u00edc jin\u00fdch a to nen\u00ed kreativita, pouh\u00e9 kop\u00edrov\u00e1n\u00ed. Tady je nav\u00edc p\u00e1r<\/p><div class=\"fn__read_more\"><a href=\"https:\/\/ahadesign.cz\/ahadesignklub\/proc-nejet-pouze-na-sablonach-canva-neni-jen-omalovanka\/\" aria-label=\"Pro\u010d (ne)jet pouze na \u0161ablon\u00e1ch: Canva nen\u00ed jen omalov\u00e1nka\"><span class=\"text\" aria-label=\"P\u0159e\u010d\u00edst\" data-text=\"P\u0159e\u010d\u00edst\">P\u0159e\u010d\u00edst<\/span><span class=\"icon\"><i class=\"fn__isvg fn__isvg-svg__arrow_3 \"><\/i><\/span><\/a><\/div><\/div><\/div><\/div><\/li><li class=\"sticky_date_item\"><div class=\"sticky_date__item\"><div class=\"sticky_date___item\"><div class=\"left_holder\"><div class=\"date_holder\"><div class=\"date_in\"><span class=\"day\">15<\/span><span class=\"date\">Led - 2026<\/span><\/div><\/div><\/div><div class=\"right_holder\"><div class=\"fn__meta\"><p><span class=\"meta_item meta_author\"><a href=\"https:\/\/ahadesign.cz\/ahadesignklub\/author\/ahadesign751\/\" aria-label=\"See all posts by this author\"><img decoding=\"async\" alt=\"\" src=\"https:\/\/ahadesign.cz\/ahadesignklub\/wp-content\/uploads\/2025\/09\/Hanka-FV1-550.jpg\" class=\"avatar avatar-30 photo\" height=\"30\" width=\"30\"><span class=\"text\">Hana Majerov\u00e1<\/span><\/a><span class=\"meta_sep\"><\/span><\/span><a class=\" fn_last_category\" href=\" https:\/\/ahadesign.cz\/ahadesignklub\/category\/zamysleni\/\">Zamy\u0161len\u00ed<\/a><span class=\"meta_sep\"><\/span><span class=\"meta_item meta_date\" title=\"15 ledna, 2026\">P\u0159ed 3 m\u011bs\u00edci<span class=\"meta_sep\"><\/span><\/span><\/p><\/div><h3 class=\"post_title\"><a href=\"https:\/\/ahadesign.cz\/ahadesignklub\/ze-zivota-zapaleneho-tvurce\/\" aria-label=\"Ze \u017eivota zap\u00e1len\u00e9ho tv\u016frce\">Ze \u017eivota zap\u00e1len\u00e9ho tv\u016frce<\/a><\/h3><div class=\"img_holder\"><div class=\"item_space\"><a href=\"https:\/\/ahadesign.cz\/ahadesignklub\/ze-zivota-zapaleneho-tvurce\/\" aria-label=\"Ze \u017eivota zap\u00e1len\u00e9ho tv\u016frce\"><\/a><\/div><\/div><p class=\"fn__descr\">P\u00fdcha p\u0159edch\u00e1z\u00ed p\u00e1d Jsou dny, kdy se \u010dlov\u011bku da\u0159\u00ed v\u0161echno na co s\u00e1hne, no a pak jsou dny, kdy byste nejrad\u0161i se v\u0161\u00edm pra\u0161tili, str\u010dili hlavu pod pol\u0161t\u00e1\u0159 a \u0159vali<\/p><div class=\"fn__read_more\"><a href=\"https:\/\/ahadesign.cz\/ahadesignklub\/ze-zivota-zapaleneho-tvurce\/\" aria-label=\"Ze \u017eivota zap\u00e1len\u00e9ho tv\u016frce\"><span class=\"text\" aria-label=\"P\u0159e\u010d\u00edst\" data-text=\"P\u0159e\u010d\u00edst\">P\u0159e\u010d\u00edst<\/span><span class=\"icon\"><i class=\"fn__isvg fn__isvg-svg__arrow_3 \"><\/i><\/span><\/a><\/div><\/div><\/div><\/div><\/li><li class=\"sticky_date_item\"><div class=\"sticky_date__item\"><div class=\"sticky_date___item\"><div class=\"left_holder\"><div class=\"date_holder\"><div class=\"date_in\"><span class=\"day\">03<\/span><span class=\"date\">Led - 2026<\/span><\/div><\/div><\/div><div class=\"right_holder\"><div class=\"fn__meta\"><p><span class=\"meta_item meta_author\"><a href=\"https:\/\/ahadesign.cz\/ahadesignklub\/author\/ahadesign751\/\" aria-label=\"See all posts by this author\"><img decoding=\"async\" alt=\"\" src=\"https:\/\/ahadesign.cz\/ahadesignklub\/wp-content\/uploads\/2025\/09\/Hanka-FV1-550.jpg\" class=\"avatar avatar-30 photo\" height=\"30\" width=\"30\"><span class=\"text\">Hana Majerov\u00e1<\/span><\/a><span class=\"meta_sep\"><\/span><\/span><a class=\" fn_last_category\" href=\" https:\/\/ahadesign.cz\/ahadesignklub\/category\/canva\/\">Canva<\/a><span class=\"meta_sep\"><\/span><span class=\"meta_item meta_date\" title=\"3 ledna, 2026\">P\u0159ed 4 m\u011bs\u00edci<span class=\"meta_sep\"><\/span><\/span><\/p><\/div><h3 class=\"post_title\"><a href=\"https:\/\/ahadesign.cz\/ahadesignklub\/sablona-jako-digitalni-produkt\/\" aria-label=\"\u0160ablona jako digit\u00e1ln\u00ed produkt\">\u0160ablona jako digit\u00e1ln\u00ed produkt<\/a><\/h3><div class=\"img_holder\"><div class=\"item_space\"><a href=\"https:\/\/ahadesign.cz\/ahadesignklub\/sablona-jako-digitalni-produkt\/\" aria-label=\"\u0160ablona jako digit\u00e1ln\u00ed produkt\"><\/a><\/div><\/div><p class=\"fn__descr\">Tvo\u0159\u00edte v Canv\u011b a napadlo v\u00e1s prod\u00e1vat hotov\u00e9 \u0161ablony jako digit\u00e1ln\u00ed produkt? Teoreticky super n\u00e1pad. Prakticky? No, z\u00e1le\u017e\u00ed kde a komu. \u010cesk\u00fd trh: mal\u00fd rybn\u00edk, kter\u00fd se rychle okouk\u00e1 \u010cesko<\/p><div class=\"fn__read_more\"><a href=\"https:\/\/ahadesign.cz\/ahadesignklub\/sablona-jako-digitalni-produkt\/\" aria-label=\"\u0160ablona jako digit\u00e1ln\u00ed produkt\"><span class=\"text\" aria-label=\"P\u0159e\u010d\u00edst\" data-text=\"P\u0159e\u010d\u00edst\">P\u0159e\u010d\u00edst<\/span><span class=\"icon\"><i class=\"fn__isvg fn__isvg-svg__arrow_3 \"><\/i><\/span><\/a><\/div><\/div><\/div><\/div><\/li><\/ul><ul class=\"second_item sticky_date_items\"><li class=\"sticky_date_item\"><div class=\"sticky_date__item\"><div class=\"sticky_date___item\"><div class=\"left_holder\"><div class=\"date_holder\"><div class=\"date_in\"><span class=\"day\">07<\/span><span class=\"date\">\u00dano - 2026<\/span><\/div><\/div><\/div><div class=\"right_holder\"><div class=\"fn__meta\"><p><span class=\"meta_item meta_author\"><a href=\"https:\/\/ahadesign.cz\/ahadesignklub\/author\/ahadesign751\/\" aria-label=\"See all posts by this author\"><img decoding=\"async\" alt=\"\" src=\"https:\/\/ahadesign.cz\/ahadesignklub\/wp-content\/uploads\/2025\/09\/Hanka-FV1-550.jpg\" class=\"avatar avatar-30 photo\" height=\"30\" width=\"30\"><span class=\"text\">Hana Majerov\u00e1<\/span><\/a><span class=\"meta_sep\"><\/span><\/span><a class=\" fn_last_category\" href=\" https:\/\/ahadesign.cz\/ahadesignklub\/category\/canva\/\">Canva<\/a><span class=\"meta_sep\"><\/span><span class=\"meta_item meta_date\" title=\"7 \u00fanora, 2026\">P\u0159ed 3 m\u011bs\u00edci<span class=\"meta_sep\"><\/span><\/span><\/p><\/div><h3 class=\"post_title\"><a href=\"https:\/\/ahadesign.cz\/ahadesignklub\/jak-sablonou-nepohrbit-vlastni-styl\/\" aria-label=\"Jak \u0161ablonou nepoh\u0159b\u00edt vlastn\u00ed styl\">Jak \u0161ablonou nepoh\u0159b\u00edt vlastn\u00ed styl<\/a><\/h3><div class=\"img_holder\"><div class=\"item_space\"><a href=\"https:\/\/ahadesign.cz\/ahadesignklub\/jak-sablonou-nepohrbit-vlastni-styl\/\" aria-label=\"Jak \u0161ablonou nepoh\u0159b\u00edt vlastn\u00ed styl\"><\/a><\/div><\/div><p class=\"fn__descr\">\u0160ablony: pomocn\u00edk, nebo past? \u0160ablony v Canv\u011b jsou \u00fa\u017easn\u00e1 v\u011bc, pokud v\u00edte, co d\u011bl\u00e1te. Ale taky zr\u00e1dn\u00e1 past, kdy\u017e kliknete na prvn\u00ed \u201ehezk\u00fd obr\u00e1zek\u201c bez rozmyslu. Pro\u010d d\u00e1t pozor na<\/p><div class=\"fn__read_more\"><a href=\"https:\/\/ahadesign.cz\/ahadesignklub\/jak-sablonou-nepohrbit-vlastni-styl\/\" aria-label=\"Jak \u0161ablonou nepoh\u0159b\u00edt vlastn\u00ed styl\"><span class=\"text\" aria-label=\"P\u0159e\u010d\u00edst\" data-text=\"P\u0159e\u010d\u00edst\">P\u0159e\u010d\u00edst<\/span><span class=\"icon\"><i class=\"fn__isvg fn__isvg-svg__arrow_3 \"><\/i><\/span><\/a><\/div><\/div><\/div><\/div><\/li><li class=\"sticky_date_item\"><div class=\"sticky_date__item\"><div class=\"sticky_date___item\"><div class=\"left_holder\"><div class=\"date_holder\"><div class=\"date_in\"><span class=\"day\">25<\/span><span class=\"date\">Led - 2026<\/span><\/div><\/div><\/div><div class=\"right_holder\"><div class=\"fn__meta\"><p><span class=\"meta_item meta_author\"><a href=\"https:\/\/ahadesign.cz\/ahadesignklub\/author\/ahadesign751\/\" aria-label=\"See all posts by this author\"><img decoding=\"async\" alt=\"\" src=\"https:\/\/ahadesign.cz\/ahadesignklub\/wp-content\/uploads\/2025\/09\/Hanka-FV1-550.jpg\" class=\"avatar avatar-30 photo\" height=\"30\" width=\"30\"><span class=\"text\">Hana Majerov\u00e1<\/span><\/a><span class=\"meta_sep\"><\/span><\/span><a class=\" fn_last_category\" href=\" https:\/\/ahadesign.cz\/ahadesignklub\/category\/canva\/\">Canva<\/a><span class=\"meta_sep\"><\/span><span class=\"meta_item meta_date\" title=\"25 ledna, 2026\">P\u0159ed 3 m\u011bs\u00edci<span class=\"meta_sep\"><\/span><\/span><\/p><\/div><h3 class=\"post_title\"><a href=\"https:\/\/ahadesign.cz\/ahadesignklub\/proc-nejet-pouze-na-sablonach-canva-neni-jen-omalovanka\/\" aria-label=\"Pro\u010d (ne)jet pouze na \u0161ablon\u00e1ch: Canva nen\u00ed jen omalov\u00e1nka\">Pro\u010d (ne)jet pouze na \u0161ablon\u00e1ch: Canva nen\u00ed jen omalov\u00e1nka<\/a><\/h3><div class=\"img_holder\"><div class=\"item_space\"><a href=\"https:\/\/ahadesign.cz\/ahadesignklub\/proc-nejet-pouze-na-sablonach-canva-neni-jen-omalovanka\/\" aria-label=\"Pro\u010d (ne)jet pouze na \u0161ablon\u00e1ch: Canva nen\u00ed jen omalov\u00e1nka\"><\/a><\/div><\/div><p class=\"fn__descr\">\u0160ablony jsou fajn. U\u0161et\u0159\u00ed \u010das, ale\u2026 pokud je pou\u017e\u00edv\u00e1te po\u0159\u00e1d, jednoho dne zjist\u00edte, \u017ee v\u00e1\u0161 post vypad\u00e1 jako tis\u00edc jin\u00fdch a to nen\u00ed kreativita, pouh\u00e9 kop\u00edrov\u00e1n\u00ed. Tady je nav\u00edc p\u00e1r<\/p><div class=\"fn__read_more\"><a href=\"https:\/\/ahadesign.cz\/ahadesignklub\/proc-nejet-pouze-na-sablonach-canva-neni-jen-omalovanka\/\" aria-label=\"Pro\u010d (ne)jet pouze na \u0161ablon\u00e1ch: Canva nen\u00ed jen omalov\u00e1nka\"><span class=\"text\" aria-label=\"P\u0159e\u010d\u00edst\" data-text=\"P\u0159e\u010d\u00edst\">P\u0159e\u010d\u00edst<\/span><span class=\"icon\"><i class=\"fn__isvg fn__isvg-svg__arrow_3 \"><\/i><\/span><\/a><\/div><\/div><\/div><\/div><\/li><li class=\"sticky_date_item\"><div class=\"sticky_date__item\"><div class=\"sticky_date___item\"><div class=\"left_holder\"><div class=\"date_holder\"><div class=\"date_in\"><span class=\"day\">15<\/span><span class=\"date\">Led - 2026<\/span><\/div><\/div><\/div><div class=\"right_holder\"><div class=\"fn__meta\"><p><span class=\"meta_item meta_author\"><a href=\"https:\/\/ahadesign.cz\/ahadesignklub\/author\/ahadesign751\/\" aria-label=\"See all posts by this author\"><img decoding=\"async\" alt=\"\" src=\"https:\/\/ahadesign.cz\/ahadesignklub\/wp-content\/uploads\/2025\/09\/Hanka-FV1-550.jpg\" class=\"avatar avatar-30 photo\" height=\"30\" width=\"30\"><span class=\"text\">Hana Majerov\u00e1<\/span><\/a><span class=\"meta_sep\"><\/span><\/span><a class=\" fn_last_category\" href=\" https:\/\/ahadesign.cz\/ahadesignklub\/category\/zamysleni\/\">Zamy\u0161len\u00ed<\/a><span class=\"meta_sep\"><\/span><span class=\"meta_item meta_date\" title=\"15 ledna, 2026\">P\u0159ed 3 m\u011bs\u00edci<span class=\"meta_sep\"><\/span><\/span><\/p><\/div><h3 class=\"post_title\"><a href=\"https:\/\/ahadesign.cz\/ahadesignklub\/ze-zivota-zapaleneho-tvurce\/\" aria-label=\"Ze \u017eivota zap\u00e1len\u00e9ho tv\u016frce\">Ze \u017eivota zap\u00e1len\u00e9ho tv\u016frce<\/a><\/h3><div class=\"img_holder\"><div class=\"item_space\"><a href=\"https:\/\/ahadesign.cz\/ahadesignklub\/ze-zivota-zapaleneho-tvurce\/\" aria-label=\"Ze \u017eivota zap\u00e1len\u00e9ho tv\u016frce\"><\/a><\/div><\/div><p class=\"fn__descr\">P\u00fdcha p\u0159edch\u00e1z\u00ed p\u00e1d Jsou dny, kdy se \u010dlov\u011bku da\u0159\u00ed v\u0161echno na co s\u00e1hne, no a pak jsou dny, kdy byste nejrad\u0161i se v\u0161\u00edm pra\u0161tili, str\u010dili hlavu pod pol\u0161t\u00e1\u0159 a \u0159vali<\/p><div class=\"fn__read_more\"><a href=\"https:\/\/ahadesign.cz\/ahadesignklub\/ze-zivota-zapaleneho-tvurce\/\" aria-label=\"Ze \u017eivota zap\u00e1len\u00e9ho tv\u016frce\"><span class=\"text\" aria-label=\"P\u0159e\u010d\u00edst\" data-text=\"P\u0159e\u010d\u00edst\">P\u0159e\u010d\u00edst<\/span><span class=\"icon\"><i class=\"fn__isvg fn__isvg-svg__arrow_3 \"><\/i><\/span><\/a><\/div><\/div><\/div><\/div><\/li><li class=\"sticky_date_item\"><div class=\"sticky_date__item\"><div class=\"sticky_date___item\"><div class=\"left_holder\"><div class=\"date_holder\"><div class=\"date_in\"><span class=\"day\">03<\/span><span class=\"date\">Led - 2026<\/span><\/div><\/div><\/div><div class=\"right_holder\"><div class=\"fn__meta\"><p><span class=\"meta_item meta_author\"><a href=\"https:\/\/ahadesign.cz\/ahadesignklub\/author\/ahadesign751\/\" aria-label=\"See all posts by this author\"><img decoding=\"async\" alt=\"\" src=\"https:\/\/ahadesign.cz\/ahadesignklub\/wp-content\/uploads\/2025\/09\/Hanka-FV1-550.jpg\" class=\"avatar avatar-30 photo\" height=\"30\" width=\"30\"><span class=\"text\">Hana Majerov\u00e1<\/span><\/a><span class=\"meta_sep\"><\/span><\/span><a class=\" fn_last_category\" href=\" https:\/\/ahadesign.cz\/ahadesignklub\/category\/canva\/\">Canva<\/a><span class=\"meta_sep\"><\/span><span class=\"meta_item meta_date\" title=\"3 ledna, 2026\">P\u0159ed 4 m\u011bs\u00edci<span class=\"meta_sep\"><\/span><\/span><\/p><\/div><h3 class=\"post_title\"><a href=\"https:\/\/ahadesign.cz\/ahadesignklub\/sablona-jako-digitalni-produkt\/\" aria-label=\"\u0160ablona jako digit\u00e1ln\u00ed produkt\">\u0160ablona jako digit\u00e1ln\u00ed produkt<\/a><\/h3><div class=\"img_holder\"><div class=\"item_space\"><a href=\"https:\/\/ahadesign.cz\/ahadesignklub\/sablona-jako-digitalni-produkt\/\" aria-label=\"\u0160ablona jako digit\u00e1ln\u00ed produkt\"><\/a><\/div><\/div><p class=\"fn__descr\">Tvo\u0159\u00edte v Canv\u011b a napadlo v\u00e1s prod\u00e1vat hotov\u00e9 \u0161ablony jako digit\u00e1ln\u00ed produkt? Teoreticky super n\u00e1pad. Prakticky? No, z\u00e1le\u017e\u00ed kde a komu. \u010cesk\u00fd trh: mal\u00fd rybn\u00edk, kter\u00fd se rychle okouk\u00e1 \u010cesko<\/p><div class=\"fn__read_more\"><a href=\"https:\/\/ahadesign.cz\/ahadesignklub\/sablona-jako-digitalni-produkt\/\" aria-label=\"\u0160ablona jako digit\u00e1ln\u00ed produkt\"><span class=\"text\" aria-label=\"P\u0159e\u010d\u00edst\" data-text=\"P\u0159e\u010d\u00edst\">P\u0159e\u010d\u00edst<\/span><span class=\"icon\"><i class=\"fn__isvg fn__isvg-svg__arrow_3 \"><\/i><\/span><\/a><\/div><\/div><\/div><\/div><\/li><\/ul><\/div><\/div><\/div><\/div>\t\t\t\t<\/div>\n\t\t\t\t<\/div>\n\t\t\t\t\t<\/div>\n\t\t\t\t<\/div>\n\t\t\t\t<\/div>\n\t\t","protected":false},"excerpt":{"rendered":"<p>Popul\u00e1rn\u00edPosledn\u00ed 29\u010cvc &#8211; 2025 AHADesignCanvaV\u010dera Jak \u0161ablonou nepoh\u0159b\u00edt vlastn\u00ed styl Popul\u00e1rn\u00edPosledn\u00ed29\u010cvc &#8211; 2025AHADesignGrafikaV\u010deraJak \u0161ablonou nepoh\u0159b\u00edt vlastn\u00ed styl\u0160ablony: pomocn\u00edk, nebo past? \u0160ablony v Canv\u011b \u2013 \u00fa\u017easn\u00e1 v\u011bc, pokud v\u00edte, co d\u011bl\u00e1te. Ale taky zr\u00e1dn\u00e1 past, kdy\u017e kliknete na prvn\u00ed \u201ehezkej obr\u00e1zek\u201c P\u0159e\u010d\u00edst 28\u010cvc &#8211; 2025 AHADesignCanvaP\u0159ed 2 dny Pro\u010d (ne)jet pouze na \u0161ablon\u00e1ch: Canva nen\u00ed jen [&hellip;]<\/p>\n","protected":false},"author":1,"featured_media":0,"parent":0,"menu_order":0,"comment_status":"closed","ping_status":"closed","template":"elementor_header_footer","meta":{"footnotes":""},"class_list":["post-17","page","type-page","status-publish","hentry"],"_links":{"self":[{"href":"https:\/\/ahadesign.cz\/ahadesignklub\/wp-json\/wp\/v2\/pages\/17","targetHints":{"allow":["GET"]}}],"collection":[{"href":"https:\/\/ahadesign.cz\/ahadesignklub\/wp-json\/wp\/v2\/pages"}],"about":[{"href":"https:\/\/ahadesign.cz\/ahadesignklub\/wp-json\/wp\/v2\/types\/page"}],"author":[{"embeddable":true,"href":"https:\/\/ahadesign.cz\/ahadesignklub\/wp-json\/wp\/v2\/users\/1"}],"replies":[{"embeddable":true,"href":"https:\/\/ahadesign.cz\/ahadesignklub\/wp-json\/wp\/v2\/comments?post=17"}],"version-history":[{"count":7,"href":"https:\/\/ahadesign.cz\/ahadesignklub\/wp-json\/wp\/v2\/pages\/17\/revisions"}],"predecessor-version":[{"id":239,"href":"https:\/\/ahadesign.cz\/ahadesignklub\/wp-json\/wp\/v2\/pages\/17\/revisions\/239"}],"wp:attachment":[{"href":"https:\/\/ahadesign.cz\/ahadesignklub\/wp-json\/wp\/v2\/media?parent=17"}],"curies":[{"name":"wp","href":"https:\/\/api.w.org\/{rel}","templated":true}]}}